{"id":16291,"date":"2024-11-18T10:45:28","date_gmt":"2024-11-18T10:45:28","guid":{"rendered":"https:\/\/rrtech.eu\/?page_id=16291"},"modified":"2025-07-31T09:23:03","modified_gmt":"2025-07-31T09:23:03","slug":"produkti","status":"publish","type":"page","link":"https:\/\/rrtech.eu\/en\/produkti\/","title":{"rendered":"Products"},"content":{"rendered":"<div data-elementor-type=\"wp-page\" data-elementor-id=\"16291\" class=\"elementor elementor-16291\" data-elementor-post-type=\"page\">\n\t\t\t\t\t\t<section class=\"elementor-section elementor-inner-section elementor-element elementor-element-34b23669 elementor-section-full_width elementor-section-height-default elementor-section-height-default\" data-id=\"34b23669\" data-element_type=\"section\" data-e-type=\"section\">\n\t\t\t\t\t\t<div class=\"elementor-container elementor-column-gap-default\">\n\t\t\t\t\t<div class=\"elementor-column elementor-col-100 elementor-inner-column elementor-element elementor-element-d0d6d38\" data-id=\"d0d6d38\" data-element_type=\"column\" data-e-type=\"column\">\n\t\t\t<div class=\"elementor-widget-wrap elementor-element-populated\">\n\t\t\t\t\t\t<div class=\"elementor-element elementor-element-77aedcf elementor-product-loop-item--align-left elementor-grid-4 elementor-grid-tablet-3 elementor-grid-mobile-2 elementor-products-grid elementor-wc-products elementor-widget elementor-widget-wc-categories\" data-id=\"77aedcf\" data-element_type=\"widget\" data-e-type=\"widget\" data-widget_type=\"wc-categories.default\">\n\t\t\t\t<div class=\"elementor-widget-container\">\n\t\t\t\t\t<div class=\"woocommerce columns-4\"><ul class=\"products elementor-grid columns-4\">\n<li class=\"product-category product first\">\n\t<div class=\"woocommerce-loop-product__wrapper\"><div class=\"attachment-woocommerce_wrapper\"><img fetchpriority=\"high\" decoding=\"async\" src=\"https:\/\/rrtech.eu\/wp-content\/uploads\/2025\/04\/Rectangle-5-576x533.png\" alt=\"Noliktavu roboti\" width=\"600\" height=\"533\" \/><a href=\"https:\/\/rrtech.eu\/en\/product-category\/noliktavu-roboti\/\" class=\"attachment-woocommerce_link\"><\/a><\/div><div class=\"content-woocommerce-wrapper\"><h3 class=\"woocommerce-loop-category-title\"><a href=\"https:\/\/rrtech.eu\/en\/product-category\/noliktavu-roboti\/\">Warehouse robots<\/a><\/h2><\/div><\/div><\/li>\n<li class=\"product-category product\">\n\t<div class=\"woocommerce-loop-product__wrapper\"><div class=\"attachment-woocommerce_wrapper\"><img decoding=\"async\" src=\"https:\/\/rrtech.eu\/wp-content\/uploads\/2025\/04\/Rectangle-3-576x533.png\" alt=\"Kop\u0146u ra\u017eo\u0161anas iek\u0101rtas\" width=\"600\" height=\"533\" \/><a href=\"https:\/\/rrtech.eu\/en\/product-category\/kopnu-razosanas-iekartas\/\" class=\"attachment-woocommerce_link\"><\/a><\/div><div class=\"content-woocommerce-wrapper\"><h3 class=\"woocommerce-loop-category-title\"><a href=\"https:\/\/rrtech.eu\/en\/product-category\/kopnu-razosanas-iekartas\/\">Equipment for producing trusses <mark class=\"count\">(1)<\/mark><\/a><\/h2><\/div><\/div><\/li>\n<li class=\"product-category product\">\n\t<div class=\"woocommerce-loop-product__wrapper\"><div class=\"attachment-woocommerce_wrapper\"><img decoding=\"async\" src=\"https:\/\/rrtech.eu\/wp-content\/uploads\/2025\/04\/Rectangle-4-576x533.png\" alt=\"Citi\" width=\"600\" height=\"533\" \/><a href=\"https:\/\/rrtech.eu\/en\/product-category\/citi\/\" class=\"attachment-woocommerce_link\"><\/a><\/div><div class=\"content-woocommerce-wrapper\"><h3 class=\"woocommerce-loop-category-title\"><a href=\"https:\/\/rrtech.eu\/en\/product-category\/citi\/\">Others <mark class=\"count\">(3)<\/mark><\/a><\/h2><\/div><\/div><\/li>\n<\/ul>\n<\/div>\t\t\t\t<\/div>\n\t\t\t\t<\/div>\n\t\t\t\t\t<\/div>\n\t\t<\/div>\n\t\t\t\t\t<\/div>\n\t\t<\/section>\n\t\t\t\t<section class=\"elementor-section elementor-top-section elementor-element elementor-element-3e717b7 elementor-reverse-tablet_extra elementor-reverse-tablet elementor-reverse-mobile_extra elementor-reverse-mobile elementor-hidden-widescreen elementor-hidden-desktop elementor-hidden-laptop elementor-hidden-tablet_extra elementor-hidden-tablet elementor-hidden-mobile_extra elementor-hidden-mobile elementor-section-boxed elementor-section-height-default elementor-section-height-default\" data-id=\"3e717b7\" data-element_type=\"section\" data-e-type=\"section\">\n\t\t\t\t\t\t<div class=\"elementor-container elementor-column-gap-wide\">\n\t\t\t\t\t<div class=\"elementor-column elementor-col-50 elementor-top-column elementor-element elementor-element-e6b2f6e\" data-id=\"e6b2f6e\" data-element_type=\"column\" data-e-type=\"column\">\n\t\t\t<div class=\"elementor-widget-wrap elementor-element-populated\">\n\t\t\t\t\t\t<div class=\"elementor-element elementor-element-ddcfda0 elementor-view-default elementor-widget elementor-widget-icon\" data-id=\"ddcfda0\" data-element_type=\"widget\" data-e-type=\"widget\" data-settings=\"{&quot;_animation_tablet_extra&quot;:&quot;none&quot;}\" data-widget_type=\"icon.default\">\n\t\t\t\t<div class=\"elementor-widget-container\">\n\t\t\t\t\t\t\t<div class=\"elementor-icon-wrapper\">\n\t\t\t<div class=\"elementor-icon\">\n\t\t\t<svg xmlns=\"http:\/\/www.w3.org\/2000\/svg\" xmlns:xlink=\"http:\/\/www.w3.org\/1999\/xlink\" viewbox=\"0 0 16 16\"><path d=\"M14.374,15.999 L5.562,15.999 L5.562,14.374 L13.238,14.374 L0.0,1.135 L1.137,0.1 L14.374,13.236 L14.374,5.562 L15.999,5.562 L15.999,14.374 L15.999,15.999 L14.374,15.999 Z\"><\/path><\/svg>\t\t\t<\/div>\n\t\t<\/div>\n\t\t\t\t\t\t<\/div>\n\t\t\t\t<\/div>\n\t\t\t\t<div class=\"elementor-element elementor-element-b1388b1 elementor-widget elementor-widget-image\" data-id=\"b1388b1\" data-element_type=\"widget\" data-e-type=\"widget\" data-widget_type=\"image.default\">\n\t\t\t\t<div class=\"elementor-widget-container\">\n\t\t\t\t\t\t\t\t\t\t\t\t\t\t\t<img loading=\"lazy\" decoding=\"async\" width=\"626\" height=\"781\" src=\"https:\/\/rrtech.eu\/wp-content\/uploads\/2024\/11\/man-with-arms-crossed-standing-park-daytime-1-2.png\" class=\"attachment-large size-large wp-image-16086\" alt=\"\" srcset=\"https:\/\/rrtech.eu\/wp-content\/uploads\/2024\/11\/man-with-arms-crossed-standing-park-daytime-1-2.png 626w, https:\/\/rrtech.eu\/wp-content\/uploads\/2024\/11\/man-with-arms-crossed-standing-park-daytime-1-2-240x300.png 240w, https:\/\/rrtech.eu\/wp-content\/uploads\/2024\/11\/man-with-arms-crossed-standing-park-daytime-1-2-480x600.png 480w, https:\/\/rrtech.eu\/wp-content\/uploads\/2024\/11\/man-with-arms-crossed-standing-park-daytime-1-2-384x480.png 384w, https:\/\/rrtech.eu\/wp-content\/uploads\/2024\/11\/man-with-arms-crossed-standing-park-daytime-1-2-320x400.png 320w, https:\/\/rrtech.eu\/wp-content\/uploads\/2024\/11\/man-with-arms-crossed-standing-park-daytime-1-2-600x749.png 600w\" sizes=\"(max-width: 626px) 100vw, 626px\" \/>\t\t\t\t\t\t\t\t\t\t\t\t\t\t\t<\/div>\n\t\t\t\t<\/div>\n\t\t\t\t\t<\/div>\n\t\t<\/div>\n\t\t\t\t<div class=\"elementor-column elementor-col-50 elementor-top-column elementor-element elementor-element-8f2125c\" data-id=\"8f2125c\" data-element_type=\"column\" data-e-type=\"column\">\n\t\t\t<div class=\"elementor-widget-wrap elementor-element-populated\">\n\t\t\t\t\t\t<div class=\"elementor-element elementor-element-667992b elementor-widget elementor-widget-industrium_heading\" data-id=\"667992b\" data-element_type=\"widget\" data-e-type=\"widget\" data-widget_type=\"industrium_heading.default\">\n\t\t\t\t<div class=\"elementor-widget-container\">\n\t\t\t\t\t<div class=\"industrium-heading-widget\"><h2 class=\"industrium-heading\"><span class=\"industrium-subheading\">Contact Us<\/span><span class=\"industrium-heading-content\">We will provide advice, consult on equipment and other issues.<\/span><\/h2><\/div>\t\t\t\t<\/div>\n\t\t\t\t<\/div>\n\t\t\t\t\t<\/div>\n\t\t<\/div>\n\t\t\t\t\t<\/div>\n\t\t<\/section>\n\t\t\t\t<\/div>","protected":false},"excerpt":{"rendered":"","protected":false},"author":2,"featured_media":0,"parent":0,"menu_order":0,"comment_status":"closed","ping_status":"closed","template":"","meta":{"footnotes":""},"class_list":["post-16291","page","type-page","status-publish","hentry"],"_links":{"self":[{"href":"https:\/\/rrtech.eu\/en\/wp-json\/wp\/v2\/pages\/16291","targetHints":{"allow":["GET"]}}],"collection":[{"href":"https:\/\/rrtech.eu\/en\/wp-json\/wp\/v2\/pages"}],"about":[{"href":"https:\/\/rrtech.eu\/en\/wp-json\/wp\/v2\/types\/page"}],"author":[{"embeddable":true,"href":"https:\/\/rrtech.eu\/en\/wp-json\/wp\/v2\/users\/2"}],"replies":[{"embeddable":true,"href":"https:\/\/rrtech.eu\/en\/wp-json\/wp\/v2\/comments?post=16291"}],"version-history":[{"count":31,"href":"https:\/\/rrtech.eu\/en\/wp-json\/wp\/v2\/pages\/16291\/revisions"}],"predecessor-version":[{"id":17320,"href":"https:\/\/rrtech.eu\/en\/wp-json\/wp\/v2\/pages\/16291\/revisions\/17320"}],"wp:attachment":[{"href":"https:\/\/rrtech.eu\/en\/wp-json\/wp\/v2\/media?parent=16291"}],"curies":[{"name":"wp","href":"https:\/\/api.w.org\/{rel}","templated":true}]}}