{"id":16925,"date":"2025-03-06T13:02:15","date_gmt":"2025-03-06T13:02:15","guid":{"rendered":"https:\/\/rrtech.eu\/?page_id=16925"},"modified":"2025-03-06T13:02:15","modified_gmt":"2025-03-06T13:02:15","slug":"iekartu-razosana","status":"publish","type":"page","link":"https:\/\/rrtech.eu\/en\/iekartu-razosana\/","title":{"rendered":"Equipment manufacturing"},"content":{"rendered":"<div data-elementor-type=\"wp-page\" data-elementor-id=\"16925\" class=\"elementor elementor-16925\" data-elementor-post-type=\"page\">\n\t\t\t\t\t\t<section class=\"elementor-section elementor-top-section elementor-element elementor-element-bfecd03 elementor-section-full_width elementor-section-stretched elementor-section-height-default elementor-section-height-default\" data-id=\"bfecd03\" data-element_type=\"section\" data-e-type=\"section\" data-settings=\"{&quot;stretch_section&quot;:&quot;section-stretched&quot;,&quot;background_background&quot;:&quot;classic&quot;}\">\n\t\t\t\t\t\t<div class=\"elementor-container elementor-column-gap-no\">\n\t\t\t\t\t<div class=\"elementor-column elementor-col-100 elementor-top-column elementor-element elementor-element-fff7267\" data-id=\"fff7267\" data-element_type=\"column\" data-e-type=\"column\">\n\t\t\t<div class=\"elementor-widget-wrap elementor-element-populated\">\n\t\t\t\t\t\t<div class=\"elementor-element elementor-element-82c5748 elementor-absolute elementor-hidden-laptop elementor-hidden-tablet_extra elementor-hidden-tablet elementor-hidden-mobile_extra elementor-hidden-mobile decoration-type-1 elementor-widget elementor-widget-industrium_decoration\" data-id=\"82c5748\" data-element_type=\"widget\" data-e-type=\"widget\" data-settings=\"{&quot;_position&quot;:&quot;absolute&quot;}\" data-widget_type=\"industrium_decoration.default\">\n\t\t\t\t<div class=\"elementor-widget-container\">\n\t\t\t\t\t        <div class=\"decoration-widget\">\n            <div class=\"decoration-container\">\n                <div class=\"industrium-decoration\">\n                    <div><\/div><div><\/div><div><\/div>\n                <\/div>\n            <\/div>\n        <\/div>\n        \t\t\t\t<\/div>\n\t\t\t\t<\/div>\n\t\t\t\t<section class=\"elementor-section elementor-inner-section elementor-element elementor-element-e80e439 elementor-section-boxed elementor-section-height-default elementor-section-height-default\" data-id=\"e80e439\" data-element_type=\"section\" data-e-type=\"section\">\n\t\t\t\t\t\t<div class=\"elementor-container elementor-column-gap-default\">\n\t\t\t\t\t<div class=\"elementor-column elementor-col-100 elementor-inner-column elementor-element elementor-element-462174c\" data-id=\"462174c\" data-element_type=\"column\" data-e-type=\"column\">\n\t\t\t<div class=\"elementor-widget-wrap elementor-element-populated\">\n\t\t\t\t\t\t<div class=\"elementor-element elementor-element-a51e338 elementor-position-left elementor-position-left elementor-vertical-align-middle elementor-vertical-align-middle border-hide elementor-widget elementor-widget-image-box\" data-id=\"a51e338\" data-element_type=\"widget\" data-e-type=\"widget\" data-widget_type=\"image-box.default\">\n\t\t\t\t<div class=\"elementor-widget-container\">\n\t\t\t\t\t<div class=\"elementor-image-box-wrapper\"><figure class=\"elementor-image-box-img\"><img decoding=\"async\" width=\"45\" height=\"45\" src=\"https:\/\/rrtech.eu\/wp-content\/uploads\/2024\/11\/technical-support-2.png\" class=\"attachment-full size-full wp-image-16339\" alt=\"\" \/><\/figure><div class=\"elementor-image-box-content\"><h4 class=\"elementor-image-box-title\">Mechanical and electronic design<\/h4><\/div><\/div>\t\t\t\t<\/div>\n\t\t\t\t<\/div>\n\t\t\t\t<div class=\"elementor-element elementor-element-ded63da elementor-widget elementor-widget-text-editor\" data-id=\"ded63da\" data-element_type=\"widget\" data-e-type=\"widget\" data-widget_type=\"text-editor.default\">\n\t\t\t\t<div class=\"elementor-widget-container\">\n\t\t\t\t\t\t\t\t\t<p>Mechanical and electronic design is a complex engineering discipline that combines the design of mechanical and electronic systems. This field encompasses several important aspects:<\/p>\t\t\t\t\t\t\t\t<\/div>\n\t\t\t\t<\/div>\n\t\t\t\t<div class=\"elementor-element elementor-element-fe847b6 elementor-align-start elementor-icon-list--layout-traditional elementor-list-item-link-full_width elementor-widget elementor-widget-icon-list\" data-id=\"fe847b6\" data-element_type=\"widget\" data-e-type=\"widget\" data-widget_type=\"icon-list.default\">\n\t\t\t\t<div class=\"elementor-widget-container\">\n\t\t\t\t\t\t\t<ul class=\"elementor-icon-list-items\">\n\t\t\t\t\t\t\t<li class=\"elementor-icon-list-item\">\n\t\t\t\t\t\t\t\t\t\t\t<span class=\"elementor-icon-list-icon\">\n\t\t\t\t\t\t\t<svg xmlns=\"http:\/\/www.w3.org\/2000\/svg\" width=\"13\" height=\"13\" viewbox=\"0 0 13 13\" fill=\"none\"><rect width=\"13\" height=\"13\" fill=\"#036FDB\"><\/rect><\/svg>\t\t\t\t\t\t<\/span>\n\t\t\t\t\t\t\t\t\t\t<span class=\"elementor-icon-list-text\">Mechanical design<\/span>\n\t\t\t\t\t\t\t\t\t<\/li>\n\t\t\t\t\t\t\t\t<li class=\"elementor-icon-list-item\">\n\t\t\t\t\t\t\t\t\t\t\t<span class=\"elementor-icon-list-icon\">\n\t\t\t\t\t\t\t<svg xmlns=\"http:\/\/www.w3.org\/2000\/svg\" width=\"13\" height=\"13\" viewbox=\"0 0 13 13\" fill=\"none\"><rect width=\"13\" height=\"13\" fill=\"#036FDB\"><\/rect><\/svg>\t\t\t\t\t\t<\/span>\n\t\t\t\t\t\t\t\t\t\t<span class=\"elementor-icon-list-text\">Integration<\/span>\n\t\t\t\t\t\t\t\t\t<\/li>\n\t\t\t\t\t\t\t\t<li class=\"elementor-icon-list-item\">\n\t\t\t\t\t\t\t\t\t\t\t<span class=\"elementor-icon-list-icon\">\n\t\t\t\t\t\t\t<svg xmlns=\"http:\/\/www.w3.org\/2000\/svg\" width=\"13\" height=\"13\" viewbox=\"0 0 13 13\" fill=\"none\"><rect width=\"13\" height=\"13\" fill=\"#036FDB\"><\/rect><\/svg>\t\t\t\t\t\t<\/span>\n\t\t\t\t\t\t\t\t\t\t<span class=\"elementor-icon-list-text\">Prototyping and testing<\/span>\n\t\t\t\t\t\t\t\t\t<\/li>\n\t\t\t\t\t\t\t\t<li class=\"elementor-icon-list-item\">\n\t\t\t\t\t\t\t\t\t\t\t<span class=\"elementor-icon-list-icon\">\n\t\t\t\t\t\t\t<svg xmlns=\"http:\/\/www.w3.org\/2000\/svg\" width=\"13\" height=\"13\" viewbox=\"0 0 13 13\" fill=\"none\"><rect width=\"13\" height=\"13\" fill=\"#036FDB\"><\/rect><\/svg>\t\t\t\t\t\t<\/span>\n\t\t\t\t\t\t\t\t\t\t<span class=\"elementor-icon-list-text\">Software integration<\/span>\n\t\t\t\t\t\t\t\t\t<\/li>\n\t\t\t\t\t\t\t\t<li class=\"elementor-icon-list-item\">\n\t\t\t\t\t\t\t\t\t\t\t<span class=\"elementor-icon-list-icon\">\n\t\t\t\t\t\t\t<svg xmlns=\"http:\/\/www.w3.org\/2000\/svg\" width=\"13\" height=\"13\" viewbox=\"0 0 13 13\" fill=\"none\"><rect width=\"13\" height=\"13\" fill=\"#036FDB\"><\/rect><\/svg>\t\t\t\t\t\t<\/span>\n\t\t\t\t\t\t\t\t\t\t<span class=\"elementor-icon-list-text\">Production aspects<\/span>\n\t\t\t\t\t\t\t\t\t<\/li>\n\t\t\t\t\t\t<\/ul>\n\t\t\t\t\t\t<\/div>\n\t\t\t\t<\/div>\n\t\t\t\t<div class=\"elementor-element elementor-element-c2824de elementor-widget elementor-widget-text-editor\" data-id=\"c2824de\" data-element_type=\"widget\" data-e-type=\"widget\" data-widget_type=\"text-editor.default\">\n\t\t\t\t<div class=\"elementor-widget-container\">\n\t\t\t\t\t\t\t\t\tThis industry requires extensive knowledge in both mechanics and electronics, as well as the ability to integrate both fields to create efficient and innovative systems.\t\t\t\t\t\t\t\t<\/div>\n\t\t\t\t<\/div>\n\t\t\t\t<div class=\"elementor-element elementor-element-89a8453 elementor-position-left elementor-position-left elementor-vertical-align-middle elementor-vertical-align-middle border-hide elementor-widget elementor-widget-image-box\" data-id=\"89a8453\" data-element_type=\"widget\" data-e-type=\"widget\" data-widget_type=\"image-box.default\">\n\t\t\t\t<div class=\"elementor-widget-container\">\n\t\t\t\t\t<div class=\"elementor-image-box-wrapper\"><figure class=\"elementor-image-box-img\"><img decoding=\"async\" width=\"51\" height=\"51\" src=\"https:\/\/rrtech.eu\/wp-content\/uploads\/2024\/11\/bot-2.png\" class=\"attachment-full size-full wp-image-16357\" alt=\"\" \/><\/figure><div class=\"elementor-image-box-content\"><h4 class=\"elementor-image-box-title\">Mobile robots<\/h4><\/div><\/div>\t\t\t\t<\/div>\n\t\t\t\t<\/div>\n\t\t\t\t<div class=\"elementor-element elementor-element-3a2979a elementor-widget elementor-widget-text-editor\" data-id=\"3a2979a\" data-element_type=\"widget\" data-e-type=\"widget\" data-widget_type=\"text-editor.default\">\n\t\t\t\t<div class=\"elementor-widget-container\">\n\t\t\t\t\t\t\t\t\tMobile robots are autonomous or semi-autonomous devices that are capable of moving and performing various tasks in different environments. The specific service will depend on the company's specialization, customer needs and the industry in which it operates. We also offer customized solutions that combine multiple mobile robotics functions. Mobile robots continue to develop, and their applications in various industries are expanding, improving efficiency and safety in many areas.\t\t\t\t\t\t\t\t<\/div>\n\t\t\t\t<\/div>\n\t\t\t\t<div class=\"elementor-element elementor-element-2fd3f7a elementor-position-left elementor-position-left elementor-vertical-align-middle elementor-vertical-align-middle border-hide elementor-widget elementor-widget-image-box\" data-id=\"2fd3f7a\" data-element_type=\"widget\" data-e-type=\"widget\" data-widget_type=\"image-box.default\">\n\t\t\t\t<div class=\"elementor-widget-container\">\n\t\t\t\t\t<div class=\"elementor-image-box-wrapper\"><figure class=\"elementor-image-box-img\"><img decoding=\"async\" width=\"51\" height=\"51\" src=\"https:\/\/rrtech.eu\/wp-content\/uploads\/2024\/11\/sensor-2.png\" class=\"attachment-full size-full wp-image-16356\" alt=\"\" \/><\/figure><div class=\"elementor-image-box-content\"><h4 class=\"elementor-image-box-title\">Sensor devices with on-board calculations<\/h4><\/div><\/div>\t\t\t\t<\/div>\n\t\t\t\t<\/div>\n\t\t\t\t<div class=\"elementor-element elementor-element-4103865 elementor-widget elementor-widget-text-editor\" data-id=\"4103865\" data-element_type=\"widget\" data-e-type=\"widget\" data-widget_type=\"text-editor.default\">\n\t\t\t\t<div class=\"elementor-widget-container\">\n\t\t\t\t\t\t\t\t\tEdge Computing Devices (ECDs) are technological devices that combine sensor functionality with data processing capabilities on the device itself. This approach allows data analysis and decision-making to be performed closer to the data source, rather than sending all data to a central server or cloud service. ECDs are becoming increasingly popular as they enable faster response times, improved security, and more efficient resource utilization in many industries, especially in the context of IoT and Industry 4.0.\t\t\t\t\t\t\t\t<\/div>\n\t\t\t\t<\/div>\n\t\t\t\t<div class=\"elementor-element elementor-element-ed1a0e6 elementor-position-left elementor-position-left elementor-vertical-align-middle elementor-vertical-align-middle border-hide elementor-widget elementor-widget-image-box\" data-id=\"ed1a0e6\" data-element_type=\"widget\" data-e-type=\"widget\" data-widget_type=\"image-box.default\">\n\t\t\t\t<div class=\"elementor-widget-container\">\n\t\t\t\t\t<div class=\"elementor-image-box-wrapper\"><figure class=\"elementor-image-box-img\"><img loading=\"lazy\" decoding=\"async\" width=\"56\" height=\"56\" src=\"https:\/\/rrtech.eu\/wp-content\/uploads\/2024\/11\/artificial-intelligence-2.png\" class=\"attachment-full size-full wp-image-16355\" alt=\"\" \/><\/figure><div class=\"elementor-image-box-content\"><h4 class=\"elementor-image-box-title\"> Artificial intelligence<\/h4><\/div><\/div>\t\t\t\t<\/div>\n\t\t\t\t<\/div>\n\t\t\t\t<div class=\"elementor-element elementor-element-7b5631a elementor-widget elementor-widget-text-editor\" data-id=\"7b5631a\" data-element_type=\"widget\" data-e-type=\"widget\" data-widget_type=\"text-editor.default\">\n\t\t\t\t<div class=\"elementor-widget-container\">\n\t\t\t\t\t\t\t\t\tArtificial intelligence (AI) is a branch of computer science that seeks to create intelligent machines that can act and react in a similar way to humans. AI is the ability of computer systems to perform tasks that normally require human intelligence, such as visual perception, speech recognition, decision-making, and language translation. Artificial intelligence is rapidly evolving and affecting almost all areas of life, offering both opportunities and challenges for society. Its potential to improve efficiency, innovation, and quality of life is enormous.\t\t\t\t\t\t\t\t<\/div>\n\t\t\t\t<\/div>\n\t\t\t\t\t<\/div>\n\t\t<\/div>\n\t\t\t\t\t<\/div>\n\t\t<\/section>\n\t\t\t\t<section class=\"elementor-section elementor-inner-section elementor-element elementor-element-c0b9d64 elementor-section-boxed elementor-section-height-default elementor-section-height-default\" data-id=\"c0b9d64\" data-element_type=\"section\" data-e-type=\"section\">\n\t\t\t\t\t\t<div class=\"elementor-container elementor-column-gap-wide\">\n\t\t\t\t\t<div class=\"elementor-column elementor-col-100 elementor-inner-column elementor-element elementor-element-c2bd8dc\" data-id=\"c2bd8dc\" data-element_type=\"column\" data-e-type=\"column\">\n\t\t\t<div class=\"elementor-widget-wrap\">\n\t\t\t\t\t\t\t<\/div>\n\t\t<\/div>\n\t\t\t\t\t<\/div>\n\t\t<\/section>\n\t\t\t\t\t<\/div>\n\t\t<\/div>\n\t\t\t\t\t<\/div>\n\t\t<\/section>\n\t\t\t\t<section class=\"elementor-section elementor-top-section elementor-element elementor-element-3e717b7 elementor-reverse-tablet_extra elementor-reverse-tablet elementor-reverse-mobile_extra elementor-reverse-mobile elementor-section-boxed elementor-section-height-default elementor-section-height-default\" data-id=\"3e717b7\" data-element_type=\"section\" data-e-type=\"section\">\n\t\t\t\t\t\t<div class=\"elementor-container elementor-column-gap-wide\">\n\t\t\t\t\t<div class=\"elementor-column elementor-col-50 elementor-top-column elementor-element elementor-element-e6b2f6e\" data-id=\"e6b2f6e\" data-element_type=\"column\" data-e-type=\"column\">\n\t\t\t<div class=\"elementor-widget-wrap elementor-element-populated\">\n\t\t\t\t\t\t<div class=\"elementor-element elementor-element-ddcfda0 elementor-view-default elementor-widget elementor-widget-icon\" data-id=\"ddcfda0\" data-element_type=\"widget\" data-e-type=\"widget\" data-settings=\"{&quot;_animation_tablet_extra&quot;:&quot;none&quot;}\" data-widget_type=\"icon.default\">\n\t\t\t\t<div class=\"elementor-widget-container\">\n\t\t\t\t\t\t\t<div class=\"elementor-icon-wrapper\">\n\t\t\t<div class=\"elementor-icon\">\n\t\t\t<svg xmlns=\"http:\/\/www.w3.org\/2000\/svg\" xmlns:xlink=\"http:\/\/www.w3.org\/1999\/xlink\" viewbox=\"0 0 16 16\"><path d=\"M14.374,15.999 L5.562,15.999 L5.562,14.374 L13.238,14.374 L0.0,1.135 L1.137,0.1 L14.374,13.236 L14.374,5.562 L15.999,5.562 L15.999,14.374 L15.999,15.999 L14.374,15.999 Z\"><\/path><\/svg>\t\t\t<\/div>\n\t\t<\/div>\n\t\t\t\t\t\t<\/div>\n\t\t\t\t<\/div>\n\t\t\t\t<div class=\"elementor-element elementor-element-b1388b1 elementor-widget elementor-widget-image\" data-id=\"b1388b1\" data-element_type=\"widget\" data-e-type=\"widget\" data-widget_type=\"image.default\">\n\t\t\t\t<div class=\"elementor-widget-container\">\n\t\t\t\t\t\t\t\t\t\t\t\t\t\t\t<img loading=\"lazy\" decoding=\"async\" width=\"839\" height=\"996\" src=\"https:\/\/rrtech.eu\/wp-content\/uploads\/2024\/11\/man-with-arms-crossed-standing-park-daytime-7.png\" class=\"attachment-large size-large wp-image-16322\" alt=\"\" srcset=\"https:\/\/rrtech.eu\/wp-content\/uploads\/2024\/11\/man-with-arms-crossed-standing-park-daytime-7.png 839w, https:\/\/rrtech.eu\/wp-content\/uploads\/2024\/11\/man-with-arms-crossed-standing-park-daytime-7-253x300.png 253w, https:\/\/rrtech.eu\/wp-content\/uploads\/2024\/11\/man-with-arms-crossed-standing-park-daytime-7-768x912.png 768w, https:\/\/rrtech.eu\/wp-content\/uploads\/2024\/11\/man-with-arms-crossed-standing-park-daytime-7-600x712.png 600w\" sizes=\"(max-width: 839px) 100vw, 839px\" \/>\t\t\t\t\t\t\t\t\t\t\t\t\t\t\t<\/div>\n\t\t\t\t<\/div>\n\t\t\t\t\t<\/div>\n\t\t<\/div>\n\t\t\t\t<div class=\"elementor-column elementor-col-50 elementor-top-column elementor-element elementor-element-8f2125c\" data-id=\"8f2125c\" data-element_type=\"column\" data-e-type=\"column\">\n\t\t\t<div class=\"elementor-widget-wrap elementor-element-populated\">\n\t\t\t\t\t\t<div class=\"elementor-element elementor-element-667992b elementor-widget elementor-widget-industrium_heading\" data-id=\"667992b\" data-element_type=\"widget\" data-e-type=\"widget\" data-widget_type=\"industrium_heading.default\">\n\t\t\t\t<div class=\"elementor-widget-container\">\n\t\t\t\t\t<div class=\"industrium-heading-widget\"><h2 class=\"industrium-heading\"><span class=\"industrium-subheading\">Contact Us<\/span><span class=\"industrium-heading-content\">We will provide advice, consult on equipment and other issues.<\/span><\/h2><\/div>\t\t\t\t<\/div>\n\t\t\t\t<\/div>\n\t\t\t\t\t<\/div>\n\t\t<\/div>\n\t\t\t\t\t<\/div>\n\t\t<\/section>\n\t\t\t\t<\/div>","protected":false},"excerpt":{"rendered":"<p>Meh\u0101nikas un elektronikas dizains Meh\u0101nikas un elektronikas dizains ir kompleksa in\u017eenierzin\u0101t\u0146u nozare, kas apvieno meh\u0101nisko un elektronisko sist\u0113mu projekt\u0113\u0161anu. \u0160\u012b joma ietver vair\u0101kus svar\u012bgus aspektus: Meh\u0101niskais dizains Integr\u0101cija Prototip\u0113\u0161ana un test\u0113\u0161ana Programmat\u016bras integr\u0101cija Ra\u017eo\u0161anas aspekti \u0160\u012b nozare prasa pla\u0161as zin\u0101\u0161anas gan&#8230;<\/p>","protected":false},"author":1,"featured_media":0,"parent":0,"menu_order":0,"comment_status":"closed","ping_status":"closed","template":"","meta":{"footnotes":""},"class_list":["post-16925","page","type-page","status-publish","hentry"],"_links":{"self":[{"href":"https:\/\/rrtech.eu\/en\/wp-json\/wp\/v2\/pages\/16925","targetHints":{"allow":["GET"]}}],"collection":[{"href":"https:\/\/rrtech.eu\/en\/wp-json\/wp\/v2\/pages"}],"about":[{"href":"https:\/\/rrtech.eu\/en\/wp-json\/wp\/v2\/types\/page"}],"author":[{"embeddable":true,"href":"https:\/\/rrtech.eu\/en\/wp-json\/wp\/v2\/users\/1"}],"replies":[{"embeddable":true,"href":"https:\/\/rrtech.eu\/en\/wp-json\/wp\/v2\/comments?post=16925"}],"version-history":[{"count":1,"href":"https:\/\/rrtech.eu\/en\/wp-json\/wp\/v2\/pages\/16925\/revisions"}],"predecessor-version":[{"id":16926,"href":"https:\/\/rrtech.eu\/en\/wp-json\/wp\/v2\/pages\/16925\/revisions\/16926"}],"wp:attachment":[{"href":"https:\/\/rrtech.eu\/en\/wp-json\/wp\/v2\/media?parent=16925"}],"curies":[{"name":"wp","href":"https:\/\/api.w.org\/{rel}","templated":true}]}}