{"id":16959,"date":"2025-03-21T06:24:02","date_gmt":"2025-03-21T06:24:02","guid":{"rendered":"https:\/\/rrtech.eu\/?page_id=16959"},"modified":"2025-06-03T15:36:23","modified_gmt":"2025-06-03T15:36:23","slug":"par-mums","status":"publish","type":"page","link":"https:\/\/rrtech.eu\/en\/par-mums\/","title":{"rendered":"About Us"},"content":{"rendered":"<h1 class=\"main-page-title page-title h0 scroll-trigger animate--fade-in\">About Us<\/h1>\n<div class=\"rte scroll-trigger animate--slide-in\">\n<div id=\"yui_3_17_2_1_1622218609560_89\" class=\"image-block-wrapper has-aspect-ratio preFlex flexIn\" data-animation-role=\"image\"><img decoding=\"async\" src=\"https:\/\/cdn.shopify.com\/s\/files\/1\/0573\/3498\/8979\/files\/eraf_480x480.jpg?v=1622218912\" alt=\"\" \/><\/div>\n<div class=\"image-caption\">\n<p class=\"preFlex flexIn\">The project is being implemented with the support of the ERAF within the framework of the Innovation Voucher Program.<\/p>\n<p class=\"preFlex flexIn\">The aim of the project was:<\/p>\n<p class=\"preFlex flexIn\">1. To conduct experimental development and, within its framework, develop an industrial robot for transporting goods in industrial warehouses for implementation in production.<\/p>\n<p class=\"preFlex flexIn\">2. Develop a feasibility study.<\/p>\n<p class=\"preFlex flexIn\">The project will develop innovative technology \u2013 industrial cargo transportation robots.<\/p>\n<p class=\"preFlex flexIn\">Project number: VP-PI-2021\/2<\/p>\n<p class=\"preFlex flexIn\">_____________________________________________________<\/p>\n<p class=\"preFlex flexIn\">The project is being implemented with the support of the ERAF within the framework of the Innovation Voucher Program.<\/p>\n<p>The aim of the project was:<\/p>\n<p>To conduct experimental development and, within its framework, develop a Bird Repellent \u2013 \u200b\u200bAutomated Control Laser for implementation in production.<\/p>\n<p>An innovative technology developed within the project \u2013 Laser Bird Repeller<\/p>\n<p>Project number: VP-PI-2022\/51<\/p>\n<\/div>\n<\/div>\n<p>_____________________________________________________<\/p>\n<p>SIA &#8220;RR Tech&#8221; 43603088948 atvese\u013co\u0161an\u0101s fonda ietvaros ietvaros veic ieguld\u012bjumu komercdarb\u012bba procesu uzlabo\u0161an\u0101.<br \/>\nAtbalst\u0101m\u0101 darb\u012bba: Jaunu digit\u0101lu risin\u0101jumu izstr\u0101de<\/p>\n<p>Risin\u0101jums: M\u0101jaslapas izstr\u0101de<\/p>\n<p>Projekts finans\u0113ts no ES Atvese\u013co\u0161an\u0101s fonda.<br \/>\n<img decoding=\"async\" class=\"alignnone size-medium wp-image-17292\" src=\"https:\/\/rrtech.eu\/wp-content\/uploads\/2025\/06\/WhatsApp-Image-2025-06-03-at-16.16.07-300x153.jpeg\" alt=\"\" width=\"300\" height=\"153\" srcset=\"https:\/\/rrtech.eu\/wp-content\/uploads\/2025\/06\/WhatsApp-Image-2025-06-03-at-16.16.07-300x153.jpeg 300w, https:\/\/rrtech.eu\/wp-content\/uploads\/2025\/06\/WhatsApp-Image-2025-06-03-at-16.16.07-1024x521.jpeg 1024w, https:\/\/rrtech.eu\/wp-content\/uploads\/2025\/06\/WhatsApp-Image-2025-06-03-at-16.16.07-768x390.jpeg 768w, https:\/\/rrtech.eu\/wp-content\/uploads\/2025\/06\/WhatsApp-Image-2025-06-03-at-16.16.07-18x9.jpeg 18w, https:\/\/rrtech.eu\/wp-content\/uploads\/2025\/06\/WhatsApp-Image-2025-06-03-at-16.16.07-600x305.jpeg 600w, https:\/\/rrtech.eu\/wp-content\/uploads\/2025\/06\/WhatsApp-Image-2025-06-03-at-16.16.07.jpeg 1422w\" sizes=\"(max-width: 300px) 100vw, 300px\" \/><\/p>\n<p>&nbsp;<\/p>\n<p>_____________________________________________________<\/p>\n<div class=\"rte scroll-trigger animate--slide-in\">\n<h4 class=\"preFlex flexIn\">We are constantly developing, looking for opportunities and partners in various industries. Our previous experience can be viewed in the store section. However, we are open to contacts for future cooperation. Follow us on social networks to learn about the latest trends and projects.<\/h4>\n<p>The company was founded in 2019.<\/p>\n<\/div>","protected":false},"excerpt":{"rendered":"<p>Par mums Ar ERAF atbalstu tiek \u012bstenots projekts Inov\u0101ciju vau\u010deru programmas ietvaros. Projekta m\u0113r\u0137is ir: 1.\u00a0\u00a0\u00a0\u00a0\u00a0\u00a0\u00a0\u00a0 Veikt eksperiment\u0101lo izstr\u0101di un t\u0101s ietvaros izstr\u0101d\u0101t ievie\u0161anai ra\u017eo\u0161an\u0101 r\u016bpniecisko robotu kravu transport\u0113\u0161anai industri\u0101laj\u0101s noliktav\u0101s. 2.\u00a0\u00a0\u00a0\u00a0\u00a0\u00a0\u00a0\u00a0 Izstr\u0101d\u0101t tehniski ekonomisko priek\u0161izp\u0113ti. Projekta ietvaros tiks izstr\u0101d\u0101ta inovat\u012bva&#8230;<\/p>","protected":false},"author":1,"featured_media":0,"parent":0,"menu_order":0,"comment_status":"closed","ping_status":"closed","template":"","meta":{"footnotes":""},"class_list":["post-16959","page","type-page","status-publish","hentry"],"_links":{"self":[{"href":"https:\/\/rrtech.eu\/en\/wp-json\/wp\/v2\/pages\/16959","targetHints":{"allow":["GET"]}}],"collection":[{"href":"https:\/\/rrtech.eu\/en\/wp-json\/wp\/v2\/pages"}],"about":[{"href":"https:\/\/rrtech.eu\/en\/wp-json\/wp\/v2\/types\/page"}],"author":[{"embeddable":true,"href":"https:\/\/rrtech.eu\/en\/wp-json\/wp\/v2\/users\/1"}],"replies":[{"embeddable":true,"href":"https:\/\/rrtech.eu\/en\/wp-json\/wp\/v2\/comments?post=16959"}],"version-history":[{"count":7,"href":"https:\/\/rrtech.eu\/en\/wp-json\/wp\/v2\/pages\/16959\/revisions"}],"predecessor-version":[{"id":17293,"href":"https:\/\/rrtech.eu\/en\/wp-json\/wp\/v2\/pages\/16959\/revisions\/17293"}],"wp:attachment":[{"href":"https:\/\/rrtech.eu\/en\/wp-json\/wp\/v2\/media?parent=16959"}],"curies":[{"name":"wp","href":"https:\/\/api.w.org\/{rel}","templated":true}]}}