{"id":16589,"date":"2024-11-19T15:55:17","date_gmt":"2024-11-19T15:55:17","guid":{"rendered":"https:\/\/rrtech.eu\/?post_type=product&#038;p=16589"},"modified":"2025-07-31T09:28:35","modified_gmt":"2025-07-31T09:28:35","slug":"30t-c-prese-jumta-kopnu-presesanai","status":"publish","type":"product","link":"https:\/\/rrtech.eu\/en\/product\/30t-c-prese-jumta-kopnu-presesanai\/","title":{"rendered":"30T C-Press for Roof Truss Pressing"},"content":{"rendered":"<p>Hydraulic roof truss press for pressing nail plates \u2013 MiTek MiTopW, GNT100 and other manufacturers' nail plates into C24 timber.<\/p>\n<p>The press is fully equipped with the entire portal hoist, control unit, winch, hydraulic pump and other accessories. Only a 220V-10A or 16A connection is required.<\/p>\n<p>We will cut the press portal telpher to your needs up to 12m wide. The working area of \u200b\u200bthe press is 400x300mm<\/p>\n<p>The set includes:<br \/>\n\u2013 C-press with all hydraulic and electrical connections, cylinder and control buttons.<br \/>\n\u2013 Portal hoist with lifting capacity \u2013 800kg<br \/>\n\u2013 Automatic box (integrated on the cable car guide)<br \/>\n\u2013 Hydraulic pump (integrated on the hoist guide)<br \/>\n\u2013 Other accessories for use<\/p>\n<p>The press will press the largest nail plate within 10 seconds with maximum force.<br \/>\nA press with a high-power pump will press the board in 5 seconds.<br \/>\nThe press has a raised opening to allow pressing of elements up to 170mm high.<\/p>\n<p>Maximum press force \u2013 30 tons<br \/>\nProduction time \u2013 30 days<\/p>\n<p>Presi piel\u0101gosim J\u016bsu vajadz\u012bb\u0101m.<\/p>","protected":false},"excerpt":{"rendered":"<p>Hydraulic roof truss press for pressing nail plates \u2013 MiTek MiTopW, GNT100 and other manufacturers' nail plates into C24 timber.<\/p>\n<p>The press is fully equipped with the entire portal hoist, control unit, winch, hydraulic pump and other accessories. Only a 220V-10A or 16A connection is required.<\/p>\n<p>We will cut the press portal telpher to your needs up to 12m wide. The working area of \u200b\u200bthe press is 400x300mm<\/p>\n<p>The set includes:<br \/>\n\u2013 C-press with all hydraulic and electrical connections, cylinder and control buttons.<br \/>\n\u2013 Portal hoist with lifting capacity \u2013 800kg<br \/>\n\u2013 Automatic box (integrated on the cable car guide)<br \/>\n\u2013 Hydraulic pump (integrated on the hoist guide)<br \/>\n\u2013 Other accessories for use<\/p>\n<p>The press will press the largest nail plate within 10 seconds with maximum force.<br \/>\nA press with a high-power pump will press the board in 5 seconds.<br \/>\nThe press has a raised opening to allow pressing of elements up to 170mm high.<\/p>\n<p>Maximum press force \u2013 30 tons<br \/>\nProduction time \u2013 30 days<\/p>\n<p>Presi piel\u0101gosim J\u016bsu vajadz\u012bb\u0101m.<\/p>","protected":false},"featured_media":17160,"template":"","meta":[],"product_brand":[],"product_cat":[62],"product_tag":[72],"class_list":{"0":"post-16589","1":"product","2":"type-product","3":"status-publish","4":"has-post-thumbnail","6":"product_cat-kopnu-razosanas-iekartas","7":"product_tag-industrialais-aprikojums","9":"first","10":"instock","11":"taxable","12":"shipping-taxable","13":"purchasable","14":"product-type-simple"},"_links":{"self":[{"href":"https:\/\/rrtech.eu\/en\/wp-json\/wp\/v2\/product\/16589","targetHints":{"allow":["GET"]}}],"collection":[{"href":"https:\/\/rrtech.eu\/en\/wp-json\/wp\/v2\/product"}],"about":[{"href":"https:\/\/rrtech.eu\/en\/wp-json\/wp\/v2\/types\/product"}],"version-history":[{"count":5,"href":"https:\/\/rrtech.eu\/en\/wp-json\/wp\/v2\/product\/16589\/revisions"}],"predecessor-version":[{"id":17286,"href":"https:\/\/rrtech.eu\/en\/wp-json\/wp\/v2\/product\/16589\/revisions\/17286"}],"wp:featuredmedia":[{"embeddable":true,"href":"https:\/\/rrtech.eu\/en\/wp-json\/wp\/v2\/media\/17160"}],"wp:attachment":[{"href":"https:\/\/rrtech.eu\/en\/wp-json\/wp\/v2\/media?parent=16589"}],"wp:term":[{"taxonomy":"product_brand","embeddable":true,"href":"https:\/\/rrtech.eu\/en\/wp-json\/wp\/v2\/product_brand?post=16589"},{"taxonomy":"product_cat","embeddable":true,"href":"https:\/\/rrtech.eu\/en\/wp-json\/wp\/v2\/product_cat?post=16589"},{"taxonomy":"product_tag","embeddable":true,"href":"https:\/\/rrtech.eu\/en\/wp-json\/wp\/v2\/product_tag?post=16589"}],"curies":[{"name":"wp","href":"https:\/\/api.w.org\/{rel}","templated":true}]}}